{"id":3627,"date":"2024-01-18T21:59:36","date_gmt":"2024-01-18T20:59:36","guid":{"rendered":"https:\/\/stadiumads.io\/medienberichterstattung\/"},"modified":"2024-06-27T12:21:29","modified_gmt":"2024-06-27T10:21:29","slug":"medienberichterstattung","status":"publish","type":"page","link":"https:\/\/stadiumads.io\/de\/medienberichterstattung\/","title":{"rendered":"Medienberichterstattung"},"content":{"rendered":"\t\t<div data-elementor-type=\"wp-page\" data-elementor-id=\"3627\" class=\"elementor elementor-3627 elementor-3584\" data-elementor-post-type=\"page\">\n\t\t\t\t\t\t<section data-particle_enable=\"false\" data-particle-mobile-disabled=\"false\" class=\"elementor-section elementor-top-section elementor-element elementor-element-52524bf elementor-section-boxed elementor-section-height-default elementor-section-height-default\" data-id=\"52524bf\" data-element_type=\"section\">\n\t\t\t\t\t\t<div class=\"elementor-container elementor-column-gap-default\">\n\t\t\t\t\t<div class=\"elementor-column elementor-col-100 elementor-top-column elementor-element elementor-element-84fc81b\" data-id=\"84fc81b\" data-element_type=\"column\">\n\t\t\t<div class=\"elementor-widget-wrap elementor-element-populated\">\n\t\t\t\t\t\t<div class=\"elementor-element elementor-element-625e34e elementor-widget elementor-widget-heading\" data-id=\"625e34e\" data-element_type=\"widget\" data-widget_type=\"heading.default\">\n\t\t\t\t<div class=\"elementor-widget-container\">\n\t\t\t\t\t<h2 class=\"elementor-heading-title elementor-size-default\">Medienberichte \u00fcber StadiumADS<\/h2>\t\t\t\t<\/div>\n\t\t\t\t<\/div>\n\t\t\t\t<div class=\"elementor-element elementor-element-d012185 elementor-widget elementor-widget-text-editor\" data-id=\"d012185\" data-element_type=\"widget\" data-widget_type=\"text-editor.default\">\n\t\t\t\t<div class=\"elementor-widget-container\">\n\t\t\t\t\t\t\t\t\t<p>Hier findest du alle relevanten Medienberichte \u00fcber das digitale Stadionvermarktungs-Tool StadiumADS.<\/p>\n\t\t\t\t\t\t\t\t<\/div>\n\t\t\t\t<\/div>\n\t\t\t\t\t<\/div>\n\t\t<\/div>\n\t\t\t\t\t<\/div>\n\t\t<\/section>\n\t\t\t\t<section data-particle_enable=\"false\" data-particle-mobile-disabled=\"false\" class=\"elementor-section elementor-top-section elementor-element elementor-element-9cf368b elementor-section-boxed elementor-section-height-default elementor-section-height-default\" data-id=\"9cf368b\" data-element_type=\"section\">\n\t\t\t\t\t\t<div class=\"elementor-container elementor-column-gap-default\">\n\t\t\t\t\t<div class=\"elementor-column elementor-col-100 elementor-top-column elementor-element elementor-element-bf7267a\" data-id=\"bf7267a\" data-element_type=\"column\">\n\t\t\t<div class=\"elementor-widget-wrap elementor-element-populated\">\n\t\t\t\t\t\t<div class=\"elementor-element elementor-element-6946217 elementor-widget elementor-widget-text-editor\" data-id=\"6946217\" data-element_type=\"widget\" data-widget_type=\"text-editor.default\">\n\t\t\t\t<div class=\"elementor-widget-container\">\n\t\t\t\t\t\t\t\t\t<p>Deutsch<\/p>\n\t\t\t\t\t\t\t\t<\/div>\n\t\t\t\t<\/div>\n\t\t\t\t<div class=\"elementor-element elementor-element-66a3bd2 elementor-widget elementor-widget-text-editor\" data-id=\"66a3bd2\" data-element_type=\"widget\" data-widget_type=\"text-editor.default\">\n\t\t\t\t<div class=\"elementor-widget-container\">\n\t\t\t\t\t\t\t\t\t<p>Brutkasten: <a href=\"https:\/\/brutkasten.com\/artikel\/ehemaliger-rapid-deputy-director-und-ahoi-kapptn-entwickeln-banden-plattform?utm_source=brutkasten&amp;utm_medium=referral&amp;utm_campaign=brutkasten_backlinks&amp;utm_content=link_sharing\" target=\"_blank\" rel=\"noopener\">Ehemaliger Rapid-&#8222;Vizedirektor&#8220; und Ahoi Kapptn! entwickeln Banden-Plattform<\/a><\/p>\n<p>ESB Marketing Netzwerk: <a href=\"https:\/\/www.esb-online.com\/artikel\/stadiumads-hebt-vermarktung-bei-fussballvereinen-auf-neues-level\/\" target=\"_blank\" rel=\"noopener\">StadiumADS hebt Vermarktung bei Fu\u00dfballvereinen auf neues Level<\/a><\/p>\n<p>FAN.at: <a href=\"https:\/\/fan.at\/news\/660d6a1a345cb41badafe668\" target=\"_blank\" rel=\"noopener\">StadiumADS &#8211; Sponsorensuche leicht gemacht!<\/a><\/p>\n<p>sportsbusiness.at: <a href=\"https:\/\/www.sportsbusiness.at\/stadiumads-hebt-vermarktung-bei-fussballvereinen-auf-neues-level-partner-news\/\" target=\"_blank\" rel=\"noopener\">StadiumADS hebt Vermarktung bei Fu\u00dfballvereinen auf neues Level<\/a><\/p>\n<p>sportsbusiness.at: <a href=\"https:\/\/www.sportsbusiness.at\/digitalisierung-der-bundesliga-premiere-stadiumads-launcht-led-powerpack-partner-news\/\" target=\"_blank\" rel=\"noopener\">Digitalisierung der Bundesliga-Premiere: StadiumADS lanciert LED-Powerpack<\/a><\/p>\n<p>sportsbusiness.at: <a href=\"https:\/\/www.sportsbusiness.at\/pure-effizienz-170-werbeflaechen-in-nur-30-minuten-vermarkten-partner-news\/\" target=\"_blank\" rel=\"noopener\">Pure Effizienz: 170 Werbefl\u00e4chen in nur 30 Minuten gestalten<\/a><\/p>\n<p>sportsbusiness.at: <a href=\"https:\/\/www.sportsbusiness.at\/fussballklubs-sparen-noch-mehr-zeit-stadiumads-launcht-3d-trikotvermarktung-partner-news\/\" target=\"_blank\" rel=\"noopener\">Fu\u00dfballklubs sparen noch mehr Zeit: StadiumADS launcht 3D-Trikotvermarktung<\/a><\/p>\n<p>Trending Topics: <a href=\"https:\/\/www.trendingtopics.eu\/stadiumads-die-digitale-marketingplattform-fuer-sportvereine\/\" target=\"_blank\" rel=\"noopener\">StadiumADS: Wiener Startup will Stadion-Vermarktung auf n\u00e4chstes Level bringen<\/a><\/p>\n\t\t\t\t\t\t\t\t<\/div>\n\t\t\t\t<\/div>\n\t\t\t\t\t<\/div>\n\t\t<\/div>\n\t\t\t\t\t<\/div>\n\t\t<\/section>\n\t\t\t\t<section data-particle_enable=\"false\" data-particle-mobile-disabled=\"false\" class=\"elementor-section elementor-top-section elementor-element elementor-element-ee80e67 elementor-section-boxed elementor-section-height-default elementor-section-height-default\" data-id=\"ee80e67\" data-element_type=\"section\">\n\t\t\t\t\t\t<div class=\"elementor-container elementor-column-gap-default\">\n\t\t\t\t\t<div class=\"elementor-column elementor-col-100 elementor-top-column elementor-element elementor-element-0c99007\" data-id=\"0c99007\" data-element_type=\"column\">\n\t\t\t<div class=\"elementor-widget-wrap elementor-element-populated\">\n\t\t\t\t\t\t<div class=\"elementor-element elementor-element-8ecf24d elementor-widget elementor-widget-text-editor\" data-id=\"8ecf24d\" data-element_type=\"widget\" data-widget_type=\"text-editor.default\">\n\t\t\t\t<div class=\"elementor-widget-container\">\n\t\t\t\t\t\t\t\t\t<p>Englisch<\/p>\n\t\t\t\t\t\t\t\t<\/div>\n\t\t\t\t<\/div>\n\t\t\t\t<div class=\"elementor-element elementor-element-e2c5acc elementor-widget elementor-widget-text-editor\" data-id=\"e2c5acc\" data-element_type=\"widget\" data-widget_type=\"text-editor.default\">\n\t\t\t\t<div class=\"elementor-widget-container\">\n\t\t\t\t\t\t\t\t\t<p>Football Business Inside: <a href=\"https:\/\/www.footballbusinessinside.com\/stadiumads-takes-your-stadium-marketing-to-the-next-level\" target=\"_blank\" rel=\"noopener\">StadiumADS takes your stadium marketing to the next level<\/a><\/p>\n\t\t\t\t\t\t\t\t<\/div>\n\t\t\t\t<\/div>\n\t\t\t\t\t<\/div>\n\t\t<\/div>\n\t\t\t\t\t<\/div>\n\t\t<\/section>\n\t\t\t\t<\/div>\n\t\t","protected":false},"excerpt":{"rendered":"<p>Hier findest du alle relevanten Medienberichte \u00fcber das digitale Stadionvermarktungs-Tool StadiumADS.<\/p>\n","protected":false},"author":1,"featured_media":2727,"parent":0,"menu_order":0,"comment_status":"closed","ping_status":"closed","template":"","meta":{"_acf_changed":false,"footnotes":""},"class_list":["post-3627","page","type-page","status-publish","has-post-thumbnail","hentry"],"acf":[],"yoast_head":"<!-- This site is optimized with the Yoast SEO Premium plugin v26.2 (Yoast SEO v26.2) - https:\/\/yoast.com\/wordpress\/plugins\/seo\/ -->\n<title>Medienberichte \u00fcber StadiumADS<\/title>\n<meta name=\"description\" content=\"Hier findest du alle relevanten Medienberichte \u00fcber das digitale Stadionvermarktungs-Tool StadiumADS.\" \/>\n<meta name=\"robots\" content=\"index, follow, max-snippet:-1, max-image-preview:large, max-video-preview:-1\" \/>\n<link rel=\"canonical\" href=\"https:\/\/stadiumads.io\/de\/medienberichterstattung\/\" \/>\n<meta property=\"og:locale\" content=\"de_DE\" \/>\n<meta property=\"og:type\" content=\"article\" \/>\n<meta property=\"og:title\" content=\"Medienberichte \u00fcber StadiumADS\" \/>\n<meta property=\"og:description\" content=\"Hier findest du alle relevanten Medienberichte \u00fcber das digitale Stadionvermarktungs-Tool StadiumADS.\" \/>\n<meta property=\"og:url\" content=\"https:\/\/stadiumads.io\/de\/medienberichterstattung\/\" \/>\n<meta property=\"og:site_name\" content=\"StadiumADS\" \/>\n<meta property=\"article:modified_time\" content=\"2024-06-27T10:21:29+00:00\" \/>\n<meta property=\"og:image\" content=\"https:\/\/stadiumads.io\/wp-content\/uploads\/2023\/12\/StadiumADS_Share_1280x720-1.jpg\" \/>\n\t<meta property=\"og:image:width\" content=\"1280\" \/>\n\t<meta property=\"og:image:height\" content=\"720\" \/>\n\t<meta property=\"og:image:type\" content=\"image\/jpeg\" \/>\n<meta name=\"twitter:card\" content=\"summary_large_image\" \/>\n<meta name=\"twitter:title\" content=\"Medienberichte \u00fcber StadiumADS\" \/>\n<meta name=\"twitter:description\" content=\"Hier findest du alle relevanten Medienberichte \u00fcber das digitale Stadionvermarktungs-Tool StadiumADS.\" \/>\n<meta name=\"twitter:label1\" content=\"Gesch\u00e4tzte Lesezeit\" \/>\n\t<meta name=\"twitter:data1\" content=\"1\u00a0Minute\" \/>\n<script type=\"application\/ld+json\" class=\"yoast-schema-graph\">{\"@context\":\"https:\/\/schema.org\",\"@graph\":[{\"@type\":\"WebPage\",\"@id\":\"https:\/\/stadiumads.io\/de\/medienberichterstattung\/\",\"url\":\"https:\/\/stadiumads.io\/de\/medienberichterstattung\/\",\"name\":\"Medienberichte \u00fcber StadiumADS\",\"isPartOf\":{\"@id\":\"https:\/\/stadiumads.io\/de\/#website\"},\"primaryImageOfPage\":{\"@id\":\"https:\/\/stadiumads.io\/de\/medienberichterstattung\/#primaryimage\"},\"image\":{\"@id\":\"https:\/\/stadiumads.io\/de\/medienberichterstattung\/#primaryimage\"},\"thumbnailUrl\":\"https:\/\/stadiumads.io\/wp-content\/uploads\/2023\/12\/StadiumADS_Share_1280x720-1.jpg\",\"datePublished\":\"2024-01-18T20:59:36+00:00\",\"dateModified\":\"2024-06-27T10:21:29+00:00\",\"description\":\"Hier findest du alle relevanten Medienberichte \u00fcber das digitale Stadionvermarktungs-Tool StadiumADS.\",\"breadcrumb\":{\"@id\":\"https:\/\/stadiumads.io\/de\/medienberichterstattung\/#breadcrumb\"},\"inLanguage\":\"de\",\"potentialAction\":[{\"@type\":\"ReadAction\",\"target\":[\"https:\/\/stadiumads.io\/de\/medienberichterstattung\/\"]}]},{\"@type\":\"ImageObject\",\"inLanguage\":\"de\",\"@id\":\"https:\/\/stadiumads.io\/de\/medienberichterstattung\/#primaryimage\",\"url\":\"https:\/\/stadiumads.io\/wp-content\/uploads\/2023\/12\/StadiumADS_Share_1280x720-1.jpg\",\"contentUrl\":\"https:\/\/stadiumads.io\/wp-content\/uploads\/2023\/12\/StadiumADS_Share_1280x720-1.jpg\",\"width\":1280,\"height\":720,\"caption\":\"Image - StadiumADS - Take your stadium marketing to the next level\"},{\"@type\":\"BreadcrumbList\",\"@id\":\"https:\/\/stadiumads.io\/de\/medienberichterstattung\/#breadcrumb\",\"itemListElement\":[{\"@type\":\"ListItem\",\"position\":1,\"name\":\"Startseite\",\"item\":\"https:\/\/stadiumads.io\/de\/home-digitale-stadionvermarktung\/\"},{\"@type\":\"ListItem\",\"position\":2,\"name\":\"Medienberichterstattung\"}]},{\"@type\":\"WebSite\",\"@id\":\"https:\/\/stadiumads.io\/de\/#website\",\"url\":\"https:\/\/stadiumads.io\/de\/\",\"name\":\"StadiumADS\",\"description\":\"Digitales Stadionvermarktungstool\",\"publisher\":{\"@id\":\"https:\/\/stadiumads.io\/de\/#organization\"},\"potentialAction\":[{\"@type\":\"SearchAction\",\"target\":{\"@type\":\"EntryPoint\",\"urlTemplate\":\"https:\/\/stadiumads.io\/de\/?s={search_term_string}\"},\"query-input\":{\"@type\":\"PropertyValueSpecification\",\"valueRequired\":true,\"valueName\":\"search_term_string\"}}],\"inLanguage\":\"de\"},{\"@type\":\"Organization\",\"@id\":\"https:\/\/stadiumads.io\/de\/#organization\",\"name\":\"StadiumADS\",\"url\":\"https:\/\/stadiumads.io\/de\/\",\"logo\":{\"@type\":\"ImageObject\",\"inLanguage\":\"de\",\"@id\":\"https:\/\/stadiumads.io\/de\/#\/schema\/logo\/image\/\",\"url\":\"https:\/\/stadiumads.io\/wp-content\/uploads\/2023\/10\/StadiumADS_Favicon_1080x1080.jpg\",\"contentUrl\":\"https:\/\/stadiumads.io\/wp-content\/uploads\/2023\/10\/StadiumADS_Favicon_1080x1080.jpg\",\"width\":1080,\"height\":1080,\"caption\":\"StadiumADS\"},\"image\":{\"@id\":\"https:\/\/stadiumads.io\/de\/#\/schema\/logo\/image\/\"},\"sameAs\":[\"https:\/\/www.youtube.com\/@stadiumads\",\"https:\/\/www.linkedin.com\/company\/stadiumads\/\"]}]}<\/script>\n<!-- \/ Yoast SEO Premium plugin. -->","yoast_head_json":{"title":"Medienberichte \u00fcber StadiumADS","description":"Hier findest du alle relevanten Medienberichte \u00fcber das digitale Stadionvermarktungs-Tool StadiumADS.","robots":{"index":"index","follow":"follow","max-snippet":"max-snippet:-1","max-image-preview":"max-image-preview:large","max-video-preview":"max-video-preview:-1"},"canonical":"https:\/\/stadiumads.io\/de\/medienberichterstattung\/","og_locale":"de_DE","og_type":"article","og_title":"Medienberichte \u00fcber StadiumADS","og_description":"Hier findest du alle relevanten Medienberichte \u00fcber das digitale Stadionvermarktungs-Tool StadiumADS.","og_url":"https:\/\/stadiumads.io\/de\/medienberichterstattung\/","og_site_name":"StadiumADS","article_modified_time":"2024-06-27T10:21:29+00:00","og_image":[{"width":1280,"height":720,"url":"https:\/\/stadiumads.io\/wp-content\/uploads\/2023\/12\/StadiumADS_Share_1280x720-1.jpg","type":"image\/jpeg"}],"twitter_card":"summary_large_image","twitter_title":"Medienberichte \u00fcber StadiumADS","twitter_description":"Hier findest du alle relevanten Medienberichte \u00fcber das digitale Stadionvermarktungs-Tool StadiumADS.","twitter_misc":{"Gesch\u00e4tzte Lesezeit":"1\u00a0Minute"},"schema":{"@context":"https:\/\/schema.org","@graph":[{"@type":"WebPage","@id":"https:\/\/stadiumads.io\/de\/medienberichterstattung\/","url":"https:\/\/stadiumads.io\/de\/medienberichterstattung\/","name":"Medienberichte \u00fcber StadiumADS","isPartOf":{"@id":"https:\/\/stadiumads.io\/de\/#website"},"primaryImageOfPage":{"@id":"https:\/\/stadiumads.io\/de\/medienberichterstattung\/#primaryimage"},"image":{"@id":"https:\/\/stadiumads.io\/de\/medienberichterstattung\/#primaryimage"},"thumbnailUrl":"https:\/\/stadiumads.io\/wp-content\/uploads\/2023\/12\/StadiumADS_Share_1280x720-1.jpg","datePublished":"2024-01-18T20:59:36+00:00","dateModified":"2024-06-27T10:21:29+00:00","description":"Hier findest du alle relevanten Medienberichte \u00fcber das digitale Stadionvermarktungs-Tool StadiumADS.","breadcrumb":{"@id":"https:\/\/stadiumads.io\/de\/medienberichterstattung\/#breadcrumb"},"inLanguage":"de","potentialAction":[{"@type":"ReadAction","target":["https:\/\/stadiumads.io\/de\/medienberichterstattung\/"]}]},{"@type":"ImageObject","inLanguage":"de","@id":"https:\/\/stadiumads.io\/de\/medienberichterstattung\/#primaryimage","url":"https:\/\/stadiumads.io\/wp-content\/uploads\/2023\/12\/StadiumADS_Share_1280x720-1.jpg","contentUrl":"https:\/\/stadiumads.io\/wp-content\/uploads\/2023\/12\/StadiumADS_Share_1280x720-1.jpg","width":1280,"height":720,"caption":"Image - StadiumADS - Take your stadium marketing to the next level"},{"@type":"BreadcrumbList","@id":"https:\/\/stadiumads.io\/de\/medienberichterstattung\/#breadcrumb","itemListElement":[{"@type":"ListItem","position":1,"name":"Startseite","item":"https:\/\/stadiumads.io\/de\/home-digitale-stadionvermarktung\/"},{"@type":"ListItem","position":2,"name":"Medienberichterstattung"}]},{"@type":"WebSite","@id":"https:\/\/stadiumads.io\/de\/#website","url":"https:\/\/stadiumads.io\/de\/","name":"StadiumADS","description":"Digitales Stadionvermarktungstool","publisher":{"@id":"https:\/\/stadiumads.io\/de\/#organization"},"potentialAction":[{"@type":"SearchAction","target":{"@type":"EntryPoint","urlTemplate":"https:\/\/stadiumads.io\/de\/?s={search_term_string}"},"query-input":{"@type":"PropertyValueSpecification","valueRequired":true,"valueName":"search_term_string"}}],"inLanguage":"de"},{"@type":"Organization","@id":"https:\/\/stadiumads.io\/de\/#organization","name":"StadiumADS","url":"https:\/\/stadiumads.io\/de\/","logo":{"@type":"ImageObject","inLanguage":"de","@id":"https:\/\/stadiumads.io\/de\/#\/schema\/logo\/image\/","url":"https:\/\/stadiumads.io\/wp-content\/uploads\/2023\/10\/StadiumADS_Favicon_1080x1080.jpg","contentUrl":"https:\/\/stadiumads.io\/wp-content\/uploads\/2023\/10\/StadiumADS_Favicon_1080x1080.jpg","width":1080,"height":1080,"caption":"StadiumADS"},"image":{"@id":"https:\/\/stadiumads.io\/de\/#\/schema\/logo\/image\/"},"sameAs":["https:\/\/www.youtube.com\/@stadiumads","https:\/\/www.linkedin.com\/company\/stadiumads\/"]}]}},"_links":{"self":[{"href":"https:\/\/stadiumads.io\/de\/wp-json\/wp\/v2\/pages\/3627","targetHints":{"allow":["GET"]}}],"collection":[{"href":"https:\/\/stadiumads.io\/de\/wp-json\/wp\/v2\/pages"}],"about":[{"href":"https:\/\/stadiumads.io\/de\/wp-json\/wp\/v2\/types\/page"}],"author":[{"embeddable":true,"href":"https:\/\/stadiumads.io\/de\/wp-json\/wp\/v2\/users\/1"}],"replies":[{"embeddable":true,"href":"https:\/\/stadiumads.io\/de\/wp-json\/wp\/v2\/comments?post=3627"}],"version-history":[{"count":2,"href":"https:\/\/stadiumads.io\/de\/wp-json\/wp\/v2\/pages\/3627\/revisions"}],"predecessor-version":[{"id":5712,"href":"https:\/\/stadiumads.io\/de\/wp-json\/wp\/v2\/pages\/3627\/revisions\/5712"}],"wp:featuredmedia":[{"embeddable":true,"href":"https:\/\/stadiumads.io\/de\/wp-json\/wp\/v2\/media\/2727"}],"wp:attachment":[{"href":"https:\/\/stadiumads.io\/de\/wp-json\/wp\/v2\/media?parent=3627"}],"curies":[{"name":"wp","href":"https:\/\/api.w.org\/{rel}","templated":true}]}}